{"id":3593,"date":"2024-03-11T12:16:57","date_gmt":"2024-03-11T15:16:57","guid":{"rendered":"https:\/\/www.bastianadvogados.com.br\/bas\/?page_id=3593"},"modified":"2024-03-11T18:51:42","modified_gmt":"2024-03-11T21:51:42","slug":"adryanna-chrystina-ferreira-toledo-moreira","status":"publish","type":"page","link":"https:\/\/www.bastianadvogados.com.br\/bas\/adryanna-chrystina-ferreira-toledo-moreira\/","title":{"rendered":"Adryanna Chrystina Ferreira Toledo Moreira"},"content":{"rendered":"\t\t<div data-elementor-type=\"wp-page\" data-elementor-id=\"3593\" class=\"elementor elementor-3593\" data-elementor-post-type=\"page\">\n\t\t\t\t\t\t<section class=\"elementor-section elementor-top-section elementor-element elementor-element-22c917ca elementor-section-boxed elementor-section-height-default elementor-section-height-default\" data-id=\"22c917ca\" data-element_type=\"section\">\n\t\t\t\t\t\t<div class=\"elementor-container elementor-column-gap-default\">\n\t\t\t\t\t<div class=\"elementor-column elementor-col-50 elementor-top-column elementor-element elementor-element-6232226\" data-id=\"6232226\" data-element_type=\"column\">\n\t\t\t<div class=\"elementor-widget-wrap elementor-element-populated\">\n\t\t\t\t\t\t<div class=\"elementor-element elementor-element-155bd4c0 elementor-widget elementor-widget-image\" data-id=\"155bd4c0\" data-element_type=\"widget\" data-widget_type=\"image.default\">\n\t\t\t\t<div class=\"elementor-widget-container\">\n\t\t\t\t\t\t\t\t\t\t\t\t\t<img fetchpriority=\"high\" decoding=\"async\" width=\"800\" height=\"1200\" src=\"https:\/\/www.bastianadvogados.com.br\/bas\/wp-content\/uploads\/2024\/03\/CC885282-B3BC-47CC-AEE8-B83CFF8946F9-edit-800x1200.jpg\" class=\"attachment-large size-large wp-image-3622\" alt=\"\" srcset=\"https:\/\/www.bastianadvogados.com.br\/bas\/wp-content\/uploads\/2024\/03\/CC885282-B3BC-47CC-AEE8-B83CFF8946F9-edit-800x1200.jpg 800w, https:\/\/www.bastianadvogados.com.br\/bas\/wp-content\/uploads\/2024\/03\/CC885282-B3BC-47CC-AEE8-B83CFF8946F9-edit-333x500.jpg 333w, https:\/\/www.bastianadvogados.com.br\/bas\/wp-content\/uploads\/2024\/03\/CC885282-B3BC-47CC-AEE8-B83CFF8946F9-edit-200x300.jpg 200w, https:\/\/www.bastianadvogados.com.br\/bas\/wp-content\/uploads\/2024\/03\/CC885282-B3BC-47CC-AEE8-B83CFF8946F9-edit-768x1152.jpg 768w, https:\/\/www.bastianadvogados.com.br\/bas\/wp-content\/uploads\/2024\/03\/CC885282-B3BC-47CC-AEE8-B83CFF8946F9-edit.jpg 1000w\" sizes=\"(max-width: 800px) 100vw, 800px\" \/>\t\t\t\t\t\t\t\t\t\t\t\t\t<\/div>\n\t\t\t\t<\/div>\n\t\t\t\t\t<\/div>\n\t\t<\/div>\n\t\t\t\t<div class=\"elementor-column elementor-col-50 elementor-top-column elementor-element elementor-element-5f680f3\" data-id=\"5f680f3\" data-element_type=\"column\">\n\t\t\t<div class=\"elementor-widget-wrap elementor-element-populated\">\n\t\t\t\t\t\t<div class=\"elementor-element elementor-element-5e698bd9 elementor-widget elementor-widget-heading\" data-id=\"5e698bd9\" data-element_type=\"widget\" data-widget_type=\"heading.default\">\n\t\t\t\t<div class=\"elementor-widget-container\">\n\t\t\t<h2 class=\"elementor-heading-title elementor-size-default\">Adryanna Chrystina Ferreira Toledo Moreira <\/h2>\t\t<\/div>\n\t\t\t\t<\/div>\n\t\t\t\t<div class=\"elementor-element elementor-element-49eaead7 elementor-widget elementor-widget-text-editor\" data-id=\"49eaead7\" data-element_type=\"widget\" data-widget_type=\"text-editor.default\">\n\t\t\t\t<div class=\"elementor-widget-container\">\n\t\t\t\t\t\t\t<p>Graduada pela Universidade Presbiteriana Mackenzie, com curso de aprimoramento em Direito Digital e Arbitragem, Adryanna possui ampla experiencia em arbitragem, direito civil, direito digital e do consumidor. Com 15 anos de experi\u00eancia em consultoria e contencioso c\u00edvel, conduz a defesa de grandes empresas nacionais e internacionais, em causas envolvendo interesse individuais e coletivos. Sua experi\u00eancia e habilidade no gerenciamento de grandes equipes confere \u00e0 Adryanna autoridade no treinamento e gest\u00e3o de times de sucesso.<\/p>\t\t\t\t\t\t<\/div>\n\t\t\t\t<\/div>\n\t\t\t\t<div class=\"elementor-element elementor-element-61de492a elementor-view-default elementor-widget elementor-widget-icon\" data-id=\"61de492a\" data-element_type=\"widget\" data-widget_type=\"icon.default\">\n\t\t\t\t<div class=\"elementor-widget-container\">\n\t\t\t\t\t<div class=\"elementor-icon-wrapper\">\n\t\t\t<a class=\"elementor-icon\" href=\"https:\/\/www.bastianadvogados.com.br\/bas\/inicio-2\/#socios\">\n\t\t\t<i aria-hidden=\"true\" class=\"fas fa-arrow-left\"><\/i>\t\t\t<\/a>\n\t\t<\/div>\n\t\t\t\t<\/div>\n\t\t\t\t<\/div>\n\t\t\t\t\t<\/div>\n\t\t<\/div>\n\t\t\t\t\t<\/div>\n\t\t<\/section>\n\t\t\t\t<\/div>\n\t\t","protected":false},"excerpt":{"rendered":"<p>Adryanna Chrystina Ferreira Toledo Moreira Graduada pela Universidade Presbiteriana Mackenzie, com curso de aprimoramento em Direito Digital e Arbitragem, Adryanna possui ampla experiencia em arbitragem, direito civil, direito digital e do consumidor. Com 15 anos de experi\u00eancia em consultoria e contencioso c\u00edvel, conduz a defesa de grandes empresas nacionais e internacionais, em causas envolvendo interesse [&hellip;]<\/p>\n","protected":false},"author":2,"featured_media":0,"parent":0,"menu_order":0,"comment_status":"closed","ping_status":"closed","template":"elementor_header_footer","meta":{"footnotes":""},"class_list":["post-3593","page","type-page","status-publish","hentry"],"_links":{"self":[{"href":"https:\/\/www.bastianadvogados.com.br\/bas\/wp-json\/wp\/v2\/pages\/3593","targetHints":{"allow":["GET"]}}],"collection":[{"href":"https:\/\/www.bastianadvogados.com.br\/bas\/wp-json\/wp\/v2\/pages"}],"about":[{"href":"https:\/\/www.bastianadvogados.com.br\/bas\/wp-json\/wp\/v2\/types\/page"}],"author":[{"embeddable":true,"href":"https:\/\/www.bastianadvogados.com.br\/bas\/wp-json\/wp\/v2\/users\/2"}],"replies":[{"embeddable":true,"href":"https:\/\/www.bastianadvogados.com.br\/bas\/wp-json\/wp\/v2\/comments?post=3593"}],"version-history":[{"count":11,"href":"https:\/\/www.bastianadvogados.com.br\/bas\/wp-json\/wp\/v2\/pages\/3593\/revisions"}],"predecessor-version":[{"id":3686,"href":"https:\/\/www.bastianadvogados.com.br\/bas\/wp-json\/wp\/v2\/pages\/3593\/revisions\/3686"}],"wp:attachment":[{"href":"https:\/\/www.bastianadvogados.com.br\/bas\/wp-json\/wp\/v2\/media?parent=3593"}],"curies":[{"name":"wp","href":"https:\/\/api.w.org\/{rel}","templated":true}]}}