{"id":3573,"date":"2024-03-11T12:03:37","date_gmt":"2024-03-11T15:03:37","guid":{"rendered":"https:\/\/www.bastianadvogados.com.br\/bas\/?page_id=3573"},"modified":"2024-03-11T17:00:44","modified_gmt":"2024-03-11T20:00:44","slug":"guilherme-kaschny-bastian","status":"publish","type":"page","link":"https:\/\/www.bastianadvogados.com.br\/bas\/guilherme-kaschny-bastian\/","title":{"rendered":"Guilherme Kaschny Bastian"},"content":{"rendered":"\t\t<div data-elementor-type=\"wp-page\" data-elementor-id=\"3573\" class=\"elementor elementor-3573\" data-elementor-post-type=\"page\">\n\t\t\t\t\t\t<section class=\"elementor-section elementor-top-section elementor-element elementor-element-4e449ee elementor-section-boxed elementor-section-height-default elementor-section-height-default\" data-id=\"4e449ee\" data-element_type=\"section\">\n\t\t\t\t\t\t<div class=\"elementor-container elementor-column-gap-default\">\n\t\t\t\t\t<div class=\"elementor-column elementor-col-50 elementor-top-column elementor-element elementor-element-3433b3e\" data-id=\"3433b3e\" data-element_type=\"column\">\n\t\t\t<div class=\"elementor-widget-wrap elementor-element-populated\">\n\t\t\t\t\t\t<div class=\"elementor-element elementor-element-4688f8f elementor-widget elementor-widget-image\" data-id=\"4688f8f\" data-element_type=\"widget\" data-widget_type=\"image.default\">\n\t\t\t\t<div class=\"elementor-widget-container\">\n\t\t\t\t\t\t\t\t\t\t\t\t\t<img fetchpriority=\"high\" decoding=\"async\" width=\"800\" height=\"1200\" src=\"https:\/\/www.bastianadvogados.com.br\/bas\/wp-content\/uploads\/2024\/03\/BASTIAN_EXTRAS_-7-GUILHERME-edit-800x1200.jpg\" class=\"attachment-large size-large wp-image-3621\" alt=\"\" srcset=\"https:\/\/www.bastianadvogados.com.br\/bas\/wp-content\/uploads\/2024\/03\/BASTIAN_EXTRAS_-7-GUILHERME-edit-800x1200.jpg 800w, https:\/\/www.bastianadvogados.com.br\/bas\/wp-content\/uploads\/2024\/03\/BASTIAN_EXTRAS_-7-GUILHERME-edit-333x500.jpg 333w, https:\/\/www.bastianadvogados.com.br\/bas\/wp-content\/uploads\/2024\/03\/BASTIAN_EXTRAS_-7-GUILHERME-edit-200x300.jpg 200w, https:\/\/www.bastianadvogados.com.br\/bas\/wp-content\/uploads\/2024\/03\/BASTIAN_EXTRAS_-7-GUILHERME-edit-768x1152.jpg 768w, https:\/\/www.bastianadvogados.com.br\/bas\/wp-content\/uploads\/2024\/03\/BASTIAN_EXTRAS_-7-GUILHERME-edit.jpg 1000w\" sizes=\"(max-width: 800px) 100vw, 800px\" \/>\t\t\t\t\t\t\t\t\t\t\t\t\t<\/div>\n\t\t\t\t<\/div>\n\t\t\t\t\t<\/div>\n\t\t<\/div>\n\t\t\t\t<div class=\"elementor-column elementor-col-50 elementor-top-column elementor-element elementor-element-f039eba\" data-id=\"f039eba\" data-element_type=\"column\">\n\t\t\t<div class=\"elementor-widget-wrap elementor-element-populated\">\n\t\t\t\t\t\t<div class=\"elementor-element elementor-element-1ab78c4 elementor-widget elementor-widget-heading\" data-id=\"1ab78c4\" data-element_type=\"widget\" data-widget_type=\"heading.default\">\n\t\t\t\t<div class=\"elementor-widget-container\">\n\t\t\t<h2 class=\"elementor-heading-title elementor-size-default\">Guilherme Kaschny Bastian<\/h2>\t\t<\/div>\n\t\t\t\t<\/div>\n\t\t\t\t<div class=\"elementor-element elementor-element-fb2e8d3 elementor-widget elementor-widget-text-editor\" data-id=\"fb2e8d3\" data-element_type=\"widget\" data-widget_type=\"text-editor.default\">\n\t\t\t\t<div class=\"elementor-widget-container\">\n\t\t\t\t\t\t\t<p>Graduado em Direito pela Pontif\u00edcia Universidade Cat\u00f3lica do Rio Grande do Sul &#8211; PUC\/RS, Guilherme \u00e9 um dos s\u00f3cios fundadores de nosso escrit\u00f3rio. Com vasta experi\u00eancia em direito digital, processual, civil, comercial, contratual e do consumidor. Ao longo de mais de 20 anos de atua\u00e7\u00e3o, Guilherme foi respons\u00e1vel pelas respectivas \u00e1reas em grandes escrit\u00f3rios de advocacia em S\u00e3o Paulo at\u00e9 fundar o Bastian Advogados. Sua expertise em direito digital e do consumidor tem sido fundamental na defesa dos interesses de empresas multinacionais da \u00e1rea de internet e tecnologia. Guilherme obteve sucesso ao liderar a defesa de uma multinacional em um leading case sobre a aus\u00eancia de responsabilidade de provedores de internet perante o Superior Tribunal de Justi\u00e7a mesmo antes do advento do Marco Civil da Internet. Al\u00e9m disso, Guilherme \u00e9 reconhecido h\u00e1 anos como um dos advogados mais admirados do Brasil em direito do consumidor pela An\u00e1lise Advocacia.<\/p>\t\t\t\t\t\t<\/div>\n\t\t\t\t<\/div>\n\t\t\t\t<div class=\"elementor-element elementor-element-6309351 elementor-view-default elementor-widget elementor-widget-icon\" data-id=\"6309351\" data-element_type=\"widget\" data-widget_type=\"icon.default\">\n\t\t\t\t<div class=\"elementor-widget-container\">\n\t\t\t\t\t<div class=\"elementor-icon-wrapper\">\n\t\t\t<a class=\"elementor-icon\" href=\"https:\/\/www.bastianadvogados.com.br\/bas\/inicio-2\/#socios\">\n\t\t\t<i aria-hidden=\"true\" class=\"fas fa-arrow-left\"><\/i>\t\t\t<\/a>\n\t\t<\/div>\n\t\t\t\t<\/div>\n\t\t\t\t<\/div>\n\t\t\t\t\t<\/div>\n\t\t<\/div>\n\t\t\t\t\t<\/div>\n\t\t<\/section>\n\t\t\t\t<\/div>\n\t\t","protected":false},"excerpt":{"rendered":"<p>Guilherme Kaschny Bastian Graduado em Direito pela Pontif\u00edcia Universidade Cat\u00f3lica do Rio Grande do Sul &#8211; PUC\/RS, Guilherme \u00e9 um dos s\u00f3cios fundadores de nosso escrit\u00f3rio. Com vasta experi\u00eancia em direito digital, processual, civil, comercial, contratual e do consumidor. Ao longo de mais de 20 anos de atua\u00e7\u00e3o, Guilherme foi respons\u00e1vel pelas respectivas \u00e1reas em [&hellip;]<\/p>\n","protected":false},"author":2,"featured_media":0,"parent":0,"menu_order":0,"comment_status":"closed","ping_status":"closed","template":"elementor_header_footer","meta":{"footnotes":""},"class_list":["post-3573","page","type-page","status-publish","hentry"],"_links":{"self":[{"href":"https:\/\/www.bastianadvogados.com.br\/bas\/wp-json\/wp\/v2\/pages\/3573","targetHints":{"allow":["GET"]}}],"collection":[{"href":"https:\/\/www.bastianadvogados.com.br\/bas\/wp-json\/wp\/v2\/pages"}],"about":[{"href":"https:\/\/www.bastianadvogados.com.br\/bas\/wp-json\/wp\/v2\/types\/page"}],"author":[{"embeddable":true,"href":"https:\/\/www.bastianadvogados.com.br\/bas\/wp-json\/wp\/v2\/users\/2"}],"replies":[{"embeddable":true,"href":"https:\/\/www.bastianadvogados.com.br\/bas\/wp-json\/wp\/v2\/comments?post=3573"}],"version-history":[{"count":13,"href":"https:\/\/www.bastianadvogados.com.br\/bas\/wp-json\/wp\/v2\/pages\/3573\/revisions"}],"predecessor-version":[{"id":3638,"href":"https:\/\/www.bastianadvogados.com.br\/bas\/wp-json\/wp\/v2\/pages\/3573\/revisions\/3638"}],"wp:attachment":[{"href":"https:\/\/www.bastianadvogados.com.br\/bas\/wp-json\/wp\/v2\/media?parent=3573"}],"curies":[{"name":"wp","href":"https:\/\/api.w.org\/{rel}","templated":true}]}}